{"id":2025,"date":"2015-11-04T13:01:21","date_gmt":"2015-11-04T13:01:21","guid":{"rendered":"http:\/\/www.osthoff-senge.com\/?page_id=2025"},"modified":"2015-11-16T12:19:53","modified_gmt":"2015-11-16T12:19:53","slug":"produkte-sengmaschinen-fur-technische-textilien","status":"publish","type":"page","link":"https:\/\/www.osthoff-senge.com\/?page_id=2025","title":{"rendered":"PRODUKTE &#8211; Sengmaschinen f\u00fcr technische Textilien (DE)"},"content":{"rendered":"<div class=\"fusion-fullwidth fullwidth-box fusion-fullwidth-1  fusion-parallax-none nonhundred-percent-fullwidth fusion-equal-height-columns\" style=\"border-color:#eae9e9;border-bottom-width: 0px;border-top-width: 0px;border-bottom-style: solid;border-top-style: solid;padding-bottom:40px;padding-top:20px;padding-left:px;padding-right:px;background-color:#ffffff;\"><style type=\"text\/css\" scoped=\"scoped\">.fusion-fullwidth-1 {\n                            padding-left: px !important;\n                            padding-right: px !important;\n                        }<\/style><div class=\"fusion-row\"><div class=\"fusion-two-third fusion-layout-column fusion-spacing-yes\" style=\"margin-top:0;margin-bottom:20px;\"><div class=\"fusion-column-wrapper\"><div class=\"fusion-title title fusion-title-size-one\"><h1 class=\"title-heading-left\">\n<p>Sengmaschinen f\u00fcr technische Textilien<\/p>\n<\/h1><div class=\"title-sep-container\"><div class=\"title-sep sep-none\"><\/div><\/div><\/div><ul>\n<li>im Prinzip entspricht die Senge dem Modell UNIVERSAL<\/li>\n<li>ausgestattet mit 1 oder 2 Brennern zum Sengen der Waren- Vorder- und\/oder R\u00fcckseite<\/li>\n<li>Sengposition \u00bbSengen auf wassergek\u00fchlte Walze\u00ab<\/li>\n<li>ausgestattet mit 1 oder 2 Gl\u00e4ttkalandern<\/li>\n<\/ul>\n<div class=\"fusion-clearfix\"><\/div><\/div><\/div><div class=\"fusion-one-third one_third fusion-layout-column fusion-column-last fusion-spacing-yes\" style=\"margin-top:0px;margin-bottom:20px;\"><div class=\"fusion-column-wrapper\"><div class=\"fusion-column-table\"><div class=\"fusion-column-tablecell\"><span class=\"fusion-imageframe imageframe-none imageframe-1 hover-type-none\"> <img src=\"https:\/\/www.osthoff-senge.com\/wp-content\/uploads\/techntextil_gr.jpg\" alt=\"\" class=\"img-responsive\"\/><\/span><p>Technische Textilien<\/p>\n<div class=\"fusion-clearfix\"><\/div><\/div><\/div><\/div><\/div><div class=\"fusion-clearfix\"><\/div><div class=\"fusion-two-third fusion-layout-column fusion-column-last fusion-spacing-yes\" style=\"margin-top:0;margin-bottom:20px;\"><div class=\"fusion-column-wrapper\"><p>Bevor Textilien beschichtet, kaschiert oder laminiert werden, m\u00fcssen sie gesengt werden, damit die zu behandelnde Seite frei von F\u00e4den, Fasern und Filamenten ist. In der Regel sind diese Sengen mit nur 1 Brenner best\u00fcckt um die zu beschichtenden Seite zu sengen. Zur Erzielung besonderer Effekte k\u00f6nnen Gl\u00e4ttkalander eingebaut werden.<\/p>\n<div class=\"fusion-clearfix\"><\/div><\/div><\/div><div class=\"fusion-clearfix\"><\/div><\/div><\/div><span class=\"fusion-imageframe imageframe-none imageframe-2 hover-type-none\"> <img alt=\"\" class=\"img-responsive\"\/><\/span>\n","protected":false},"excerpt":{"rendered":"","protected":false},"author":1,"featured_media":0,"parent":0,"menu_order":0,"comment_status":"closed","ping_status":"closed","template":"","meta":[],"language":[50],"_links":{"self":[{"href":"https:\/\/www.osthoff-senge.com\/index.php?rest_route=\/wp\/v2\/pages\/2025"}],"collection":[{"href":"https:\/\/www.osthoff-senge.com\/index.php?rest_route=\/wp\/v2\/pages"}],"about":[{"href":"https:\/\/www.osthoff-senge.com\/index.php?rest_route=\/wp\/v2\/types\/page"}],"author":[{"embeddable":true,"href":"https:\/\/www.osthoff-senge.com\/index.php?rest_route=\/wp\/v2\/users\/1"}],"replies":[{"embeddable":true,"href":"https:\/\/www.osthoff-senge.com\/index.php?rest_route=%2Fwp%2Fv2%2Fcomments&post=2025"}],"version-history":[{"count":5,"href":"https:\/\/www.osthoff-senge.com\/index.php?rest_route=\/wp\/v2\/pages\/2025\/revisions"}],"predecessor-version":[{"id":2513,"href":"https:\/\/www.osthoff-senge.com\/index.php?rest_route=\/wp\/v2\/pages\/2025\/revisions\/2513"}],"wp:attachment":[{"href":"https:\/\/www.osthoff-senge.com\/index.php?rest_route=%2Fwp%2Fv2%2Fmedia&parent=2025"}],"wp:term":[{"taxonomy":"language","embeddable":true,"href":"https:\/\/www.osthoff-senge.com\/index.php?rest_route=%2Fwp%2Fv2%2Flanguage&post=2025"}],"curies":[{"name":"wp","href":"https:\/\/api.w.org\/{rel}","templated":true}]}}