{"id":2279,"date":"2015-11-05T14:07:37","date_gmt":"2015-11-05T14:07:37","guid":{"rendered":"http:\/\/www.osthoff-senge.com\/?page_id=2279"},"modified":"2018-01-18T15:00:54","modified_gmt":"2018-01-18T14:00:54","slug":"produkte-sengmaschinen-universal-de","status":"publish","type":"page","link":"https:\/\/www.osthoff-senge.com\/?page_id=2279","title":{"rendered":"PRODUKTE &#8211; Sengmaschinen \u00bbUNIVERSAL\u00ab (DE)"},"content":{"rendered":"<div class=\"fusion-fullwidth fullwidth-box fusion-fullwidth-1  fusion-parallax-none nonhundred-percent-fullwidth fusion-equal-height-columns\" style=\"border-color:#eae9e9;border-bottom-width: 0px;border-top-width: 0px;border-bottom-style: solid;border-top-style: solid;padding-bottom:40px;padding-top:20px;padding-left:px;padding-right:px;background-color:#ffffff;\"><style type=\"text\/css\" scoped=\"scoped\">.fusion-fullwidth-1 {\n                            padding-left: px !important;\n                            padding-right: px !important;\n                        }<\/style><div class=\"fusion-row\"><div class=\"fusion-two-third fusion-layout-column fusion-spacing-yes\" style=\"margin-top:0;margin-bottom:20px;\"><div class=\"fusion-column-wrapper\"><div class=\"fusion-title title fusion-title-size-one\"><h1 class=\"title-heading-left\">\n<p>Bis zu 3 Sengpositionen, Programmsteuerung, extreme Geschwindigkeiten und intensives Sengen:<\/p>\n<\/h1><div class=\"title-sep-container\"><div class=\"title-sep sep-none\"><\/div><\/div><\/div><ul>\n<li>die Standardmaschine ist mit 2 Double-Jet Brennern ausgestattet, um jede Seite mit einem Brenner oder eine Seite mit 2 Brennern zu sengen, in 1, 2, oder 3 Sengpositionen<\/li>\n<li>als Heizmedien k\u00f6nnen alle Gasqualit\u00e4ten und verdampfte fl\u00fcssige Brennstoffe wie Benzin und Kerosine eingesetzt werden. Anlagen zur Verdampfung liefert osthoff-senge<\/li>\n<li>proportionale Gas-Luft Mischeinrichtungen<\/li>\n<li>Flammintensit\u00e4t in gro\u00dfem Bereich regelbar<\/li>\n<li>Flammbreite stufenlos einstellbar<\/li>\n<li>Abstand Brenner \u2013 Ware stufenlos einstellbar<\/li>\n<li>Sengparameter k\u00f6nnen manuell oder \u00fcber Programmsteuerung\u00a0eingestellt werden<\/li>\n<li>die Sicherheitseinrichtungen entsprechen den lokalen Vorschriften<\/li>\n<li>3 oder 4 Brenner in Sengmaschinen f\u00fcr extreme Geschwindigkeiten und sehr intensives Sengen<\/li>\n<\/ul>\n<div class=\"fusion-clearfix\"><\/div><\/div><\/div><div class=\"fusion-one-third one_third fusion-layout-column fusion-column-last fusion-spacing-yes\" style=\"margin-top:0px;margin-bottom:20px;\"><div class=\"fusion-column-wrapper\"><div class=\"fusion-column-table\"><div class=\"fusion-column-tablecell\"><span class=\"fusion-imageframe imageframe-none imageframe-1 hover-type-none\"> <img src=\"https:\/\/www.osthoff-senge.com\/wp-content\/uploads\/maschine_universal.png\" alt=\"\" class=\"img-responsive\"\/><\/span><div class=\"fusion-clearfix\"><\/div><\/div><\/div><\/div><\/div><div class=\"fusion-clearfix\"><\/div><\/div><\/div>\n","protected":false},"excerpt":{"rendered":"","protected":false},"author":1,"featured_media":0,"parent":0,"menu_order":0,"comment_status":"closed","ping_status":"open","template":"","meta":[],"language":[50],"_links":{"self":[{"href":"https:\/\/www.osthoff-senge.com\/index.php?rest_route=\/wp\/v2\/pages\/2279"}],"collection":[{"href":"https:\/\/www.osthoff-senge.com\/index.php?rest_route=\/wp\/v2\/pages"}],"about":[{"href":"https:\/\/www.osthoff-senge.com\/index.php?rest_route=\/wp\/v2\/types\/page"}],"author":[{"embeddable":true,"href":"https:\/\/www.osthoff-senge.com\/index.php?rest_route=\/wp\/v2\/users\/1"}],"replies":[{"embeddable":true,"href":"https:\/\/www.osthoff-senge.com\/index.php?rest_route=%2Fwp%2Fv2%2Fcomments&post=2279"}],"version-history":[{"count":6,"href":"https:\/\/www.osthoff-senge.com\/index.php?rest_route=\/wp\/v2\/pages\/2279\/revisions"}],"predecessor-version":[{"id":2586,"href":"https:\/\/www.osthoff-senge.com\/index.php?rest_route=\/wp\/v2\/pages\/2279\/revisions\/2586"}],"wp:attachment":[{"href":"https:\/\/www.osthoff-senge.com\/index.php?rest_route=%2Fwp%2Fv2%2Fmedia&parent=2279"}],"wp:term":[{"taxonomy":"language","embeddable":true,"href":"https:\/\/www.osthoff-senge.com\/index.php?rest_route=%2Fwp%2Fv2%2Flanguage&post=2279"}],"curies":[{"name":"wp","href":"https:\/\/api.w.org\/{rel}","templated":true}]}}