{"id":2659,"date":"2024-11-04T11:34:37","date_gmt":"2024-11-04T10:34:37","guid":{"rendered":"https:\/\/www.osthoff-senge.com\/?page_id=2659"},"modified":"2024-11-04T13:44:19","modified_gmt":"2024-11-04T12:44:19","slug":"unternehmensphilisopie","status":"publish","type":"page","link":"https:\/\/www.osthoff-senge.com\/?page_id=2659","title":{"rendered":"Unternehmensphilisopie (DE)"},"content":{"rendered":"<div class=\"fusion-fullwidth fullwidth-box fusion-fullwidth-1  fusion-parallax-none nonhundred-percent-fullwidth fusion-equal-height-columns GrayBackground\" style=\"border-color:#eae9e9;border-bottom-width: 0px;border-top-width: 0px;border-bottom-style: solid;border-top-style: solid;padding-bottom:20px;padding-top:20px;padding-left:px;padding-right:px;background-color:#ffffff;\"><style type=\"text\/css\" scoped=\"scoped\">.fusion-fullwidth-1 {\n                            padding-left: px !important;\n                            padding-right: px !important;\n                        }<\/style><div class=\"fusion-row\"><\/div><\/div><div class=\"fusion-two-third fusion-layout-column fusion-spacing-yes\" style=\"margin-top:0px;margin-bottom:20px;\"><div class=\"fusion-column-wrapper\"><div class=\"fusion-title title fusion-title-size-one\"><h1 class=\"title-heading-left\">Unternehmensphilosopie<\/h1><div class=\"title-sep-container\"><div class=\"title-sep sep-none\"><\/div><\/div><\/div><p>Die <strong>osthoff-senge GmbH &amp; Co. KG<\/strong> ist Teil einer global agierenden Wirtschaft und bekennt sich zu ihrer Verantwortung als globales Unternehmen. Wir haben uns, neben unseren sonstigen Unternehmenszielen, die folgende <strong>Unternehmensphilosophie<\/strong> gesetzt:.<\/p>\n<p>Die <em>osthoff-senge<\/em> nimmt die Auswirkungen ihrer gesch\u00e4ftlichen T\u00e4tigkeiten auf Umwelt und Gesellschaft wahr und ist bestrebt, die \u00f6konomischen, die \u00f6kologischen sowie die sozialen Belange in einen Interessenausgleich zu bringen.<br \/>\nUnsere Unternehmensphilosophie gibt eine Orientierung im Umgang mit Mitarbeitern, Lieferanten und Kunden. Sie unterst\u00fctzt unsere Mitarbeiter ethnische und rechtliche Verhaltensweisen zu ber\u00fccksichtigen. Neben internen Regelungen werden nationale und internationale Gesetze beachtet und anerkannt.<br \/>\nDie <em>osthoff-senge<\/em> richtet ihr Handeln an allgemeing\u00fcltigen ethischen Werten, wie Integrit\u00e4t, Glaubw\u00fcrdigkeit und Respekt vor der Menschenw\u00fcrde, aus.<br \/>\nDie Regeln dieses Kodex sind verbindlich und gelten f\u00fcr alle Mitarbeiter sowie f\u00fcr die Gesch\u00e4ftsf\u00fchrung unseres Unternehmens.<\/p>\n<p>Wir respektieren und akzeptieren die international anerkannten Menschenrechte ebenso wie das Verbot von Kinderarbeit und Zwangsarbeit in jeder Form!<br \/>\nDie <em>osthoff-senge<\/em> duldet keine Form von Diskriminierung von Mitarbeitern im Betrieb sowie gegen\u00fcber Dritten.<br \/>\nDie Chancengleichheit und Gleichbehandlung aller Mitarbeiter wird gef\u00f6rdert.<\/p>\n<p>Gesetze und Arbeitsnormen hinsichtlich Entlohnung und Arbeitszeit werden genaustens beachtet und die Versammlungs-, bzw. Koalitionsfreiheit der Besch\u00e4ftigten wird anerkannt.<br \/>\nS\u00e4mtliche Gesetze und Arbeitsnormen hinsichtlich Entlohnung und Arbeitszeit werden beachtet.<br \/>\nWir behandeln unsere Mitarbeiter mit Wertsch\u00e4tzung und lehnen jegliche Form von rechtswidrigen Strafen, Missbrauch, Bel\u00e4stigung, Einsch\u00fcchterung oder sonstiger unw\u00fcrdiger Behandlung ab.<br \/>\nBei Besch\u00e4ftigungsverh\u00e4ltnissen wird das jeweils geltende Arbeitsrecht angewendet.<br \/>\nDen Mitarbeitern werden die Arbeitsbedingungen (Rechte, Pflichten, Arbeitszeiten etc.) verst\u00e4ndlich erkl\u00e4rt. Unsere Arbeitnehmer haben das Recht unter Einhaltung der jeweils g\u00fcltigen K\u00fcndigungsfrist das Besch\u00e4ftigungsverh\u00e4ltnis zu beenden.<\/p>\n<p>Die Arbeitssicherheit und der Gesundheitsschutz werden durch die nationalen Gesetze und Bestimmungen gew\u00e4hrleistet.<br \/>\nDurch Gef\u00e4hrdungsbeurteilungen, Brandschutzma\u00dfnahmen, Erste Hilfe Unterweisungen, Betriebsmittelpr\u00fcfungen und professionelle Arbeitsschutzkleidung wird die Verletzungsgefahr unserer Mitarbeiter minimiert.<\/p>\n<p>Umwelt-, und Klimaschutz sind f\u00fcr uns wichtige Unternehmensziele!<br \/>\nGesetze und internationale Standards zum Schutz von Klima und Umwelt werden angewandt, insbesondere<br \/>\n&#8211; die fachgerechte, verantwortungsvoller Umgang mit Gefahrstoffen und deren Entsorgung.<br \/>\n&#8211; die Vermeidung von Abf\u00e4llen<br \/>\n&#8211; die Minimierung von Emissionen.<br \/>\n&#8211; die Einsparung von nat\u00fcrlichen Ressourcen durch Recycling<br \/>\n&#8211; die Steigerung von Energieeffizienz und des Anteils an erneuerbaren Energien (z.B. PV)<br \/>\nDie <em>osthoff-senge<\/em> bekennt sich zum Ziel einer klimaneutralen Zukunft und setzt bereits heute auf erneuerbare Energien im gesamten Herstellungsprozess.<\/p>\n<p>Ebenfalls stehen wir f\u00fcr einen fairen Wettbewerb und sind demnach auch gegen Absprachen die diesem entgegenstehen.<br \/>\nWir lehnen jede Form von Bestechung und Korruption ab und vermeiden schon den Anschein durch Gew\u00e4hrung oder Annahme von unlauterem Vorteilen Einfluss nehmen zu wollen.<br \/>\nUnternehmensf\u00fchrung und Besch\u00e4ftigte m\u00fcssen sich so verhalten, das keine Abh\u00e4ngigkeiten oder Verpflichtungen entstehen.<br \/>\nGesch\u00e4ftsessen oder Veranstaltungen die angemessen sind, d\u00fcrfen angenommen oder ausgesprochen werden. Dies gilt auch f\u00fcr Geschenke.<\/p>\n<p>Die <em>osthoff-senge<\/em> achtet die Pers\u00f6nlichkeitsrechte ihrer Mitarbeiter und Gesch\u00e4ftspartner und h\u00e4lt beim Umgang mit pers\u00f6nlichen Informationen die geltenden gesetzlichen und beh\u00f6rdlichen Vorschriften zur Verarbeitung von personenbezogenen Daten und zur Informationssicherheit ein.<br \/>\nGesch\u00e4ftsgeheimnisse und andere vertrauliche Informationen von Gesch\u00e4ftspartnern und Kunden sch\u00fctzt die <em>osthoff-senge<\/em> vor unerlaubter Erlangung, Nutzung und Offenlegung, im Rahmen der gesetzlichen Bestimmungen zum Schutz von Gesch\u00e4ftsgeheimnissen.<br \/>\nWir achten das geistige Eigentum von Gesch\u00e4ftspartnern, Kunden und Dritten und sorgen f\u00fcr Schutz des geistigen Eigentums beim Austausch von Wissen und Technik.<\/p>\n<p>Unsere <strong>Unternehmensphilosophie<\/strong> (Verhaltenskodex) wird gegen\u00fcber den Mitarbeitern, Kunden und anderen Gesch\u00e4ftspartnern kommuniziert bzw. \u00f6ffentlich gemacht.<br \/>\nDurch geeignete Kontrollen wird die Einhaltung des Kodex \u00fcberwacht. Jeder Mitarbeiter kann Verst\u00f6\u00dfe dem Gesch\u00e4ftsf\u00fchrer melden, der diese streng vertraulich behandelt.<br \/>\nVerst\u00f6\u00dfe k\u00f6nnen arbeits-, straf-, und\/oder haftungsrechtliche Konsequenzen nach sich ziehen.<\/p>\n<div class=\"fusion-clearfix\"><\/div><\/div><\/div><div class=\"fusion-one-third one_third fusion-layout-column fusion-column-last fusion-spacing-yes\" style=\"margin-top:10px;margin-bottom:20px;\"><div class=\"fusion-column-wrapper\"><div class=\"fusion-column-table\"><div class=\"fusion-column-tablecell\"><div class=\"fusion-clearfix\"><\/div><\/div><\/div><\/div><\/div><div class=\"fusion-clearfix\"><\/div><span class=\"fusion-imageframe imageframe-none imageframe-1 hover-type-none\"><\/span>\n","protected":false},"excerpt":{"rendered":"","protected":false},"author":1,"featured_media":0,"parent":2286,"menu_order":0,"comment_status":"closed","ping_status":"closed","template":"","meta":[],"language":[50],"_links":{"self":[{"href":"https:\/\/www.osthoff-senge.com\/index.php?rest_route=\/wp\/v2\/pages\/2659"}],"collection":[{"href":"https:\/\/www.osthoff-senge.com\/index.php?rest_route=\/wp\/v2\/pages"}],"about":[{"href":"https:\/\/www.osthoff-senge.com\/index.php?rest_route=\/wp\/v2\/types\/page"}],"author":[{"embeddable":true,"href":"https:\/\/www.osthoff-senge.com\/index.php?rest_route=\/wp\/v2\/users\/1"}],"replies":[{"embeddable":true,"href":"https:\/\/www.osthoff-senge.com\/index.php?rest_route=%2Fwp%2Fv2%2Fcomments&post=2659"}],"version-history":[{"count":6,"href":"https:\/\/www.osthoff-senge.com\/index.php?rest_route=\/wp\/v2\/pages\/2659\/revisions"}],"predecessor-version":[{"id":2666,"href":"https:\/\/www.osthoff-senge.com\/index.php?rest_route=\/wp\/v2\/pages\/2659\/revisions\/2666"}],"up":[{"embeddable":true,"href":"https:\/\/www.osthoff-senge.com\/index.php?rest_route=\/wp\/v2\/pages\/2286"}],"wp:attachment":[{"href":"https:\/\/www.osthoff-senge.com\/index.php?rest_route=%2Fwp%2Fv2%2Fmedia&parent=2659"}],"wp:term":[{"taxonomy":"language","embeddable":true,"href":"https:\/\/www.osthoff-senge.com\/index.php?rest_route=%2Fwp%2Fv2%2Flanguage&post=2659"}],"curies":[{"name":"wp","href":"https:\/\/api.w.org\/{rel}","templated":true}]}}